{"id":1812,"date":"2024-04-29T19:03:41","date_gmt":"2024-04-29T19:03:41","guid":{"rendered":"https:\/\/collecte.gestionlab.net\/who-we-are\/"},"modified":"2024-05-01T15:24:17","modified_gmt":"2024-05-01T15:24:17","slug":"who-we-are","status":"publish","type":"page","link":"https:\/\/fondationlacollecte.ca\/en\/who-we-are\/","title":{"rendered":"Who we are"},"content":{"rendered":"\n\n  Notre mission\n\t<p>La Fondation la Collecte, anciennement Fondation des Grands Fr\u00e8res Grandes S\u0153urs, soutient le mentorat jeunesse depuis plus de 20 ans par ses activit\u00e9s de r\u00e9cup\u00e9ration de v\u00eatements et d&#8217;articles de maison.<\/p>\n<h2>\n\t\tDepuis sa cr\u00e9ation en 1998\n\t<\/h2>\n\t\t<!-- Comment to fix spacing issue\n\t-->\n\t\t<h2>0<\/h2>tonnes de v\u00eatements collect\u00e9es\n\t<!-- Comment to fix spacing issue\n\t-->\t\n\t\t<!-- Comment to fix spacing issue\n\t-->\n\t\t<h2>0 M $<\/h2>Redevances vers\u00e9es aux agences des Grands Fr\u00e8res Grandes S\u0153urs\n\t<!-- Comment to fix spacing issue\n\t-->\t\nNotre historique\n\t\t\t\t\t\t\t\t\t\t\t\t\t\t\t\t\t\t\t<p>2021<\/p>\n\t\t\t\t\t\t\t\t\t\t\t\t\t\t\t\t\t\t\t\t\t\t\t<h3>Changement de nom de marque<\/h3> \t\t\t\t\t\t\t\t\t\t\t\n\t\t\t\t\t\t\t\t\t\t\t\t\t\t\t\t\t\t\t\t\t\t\t\t\t\t\t\t\t\t\t\t\t\t\t\t\t\t\t\t\t\t\t\t\t\t\t\t\t\t\t\t\t\t\t\t<p>Afin de souligner l&#8217;\u00e9largissement de nos activit\u00e9s de collecte, La Fondation change de nom et d&#8217;image de marque.<\/p> \t\t\t\t\t\t\t\t\t\t\t\t\t\t\t\t\t\t\t\t\t\t\t\t\t\t\t\t\t\n\t\t\t\t\t\t\t\t2021\n\t\t\t\t\t\t\t\t\t\t\t\t\t\t\t\t\t\t\t<p>2020<\/p>\n\t\t\t\t\t\t\t\t\t\t\t\t\t\t\t\t\t\t\t\t\t\t\t<h3>Centre de dons la Collecte-Lorraine<\/h3> \t\t\t\t\t\t\t\t\t\t\t\n\t\t\t\t\t\t\t\t\t\t\t\t\t\t\t\t\t\t\t\t\t\t\t\t\t\t\t\t\t\t\t\t\t\t\t\t\t\t\t\t\t\t\t\t\t\t\t\t\t\t\t\t\t\t\t\t<p>Ouverture de notre premier Centre de dons la Collecte-Lorraine pour les v\u00eatements et articles de maisons situ\u00e9 au 95, boulevard de Gaulle \u00e0 Lorraine.<\/p> \t\t\t\t\t\t\t\t\t\t\t\t\t\t\t\t\t\t\t\t\t\t\t\t\t\t\t\t\t\n\t\t\t\t\t\t\t\t2020\n\t\t\t\t\t\t\t\t\t\t\t\t\t\t\t\t\t\t\t<p>2014<\/p>\n\t\t\t\t\t\t\t\t\t\t\t\t\t\t\t\t\t\t\t\t\t\t\t<h3>Collectes \u00e0 domicile<\/h3> \t\t\t\t\t\t\t\t\t\t\t\n\t\t\t\t\t\t\t\t\t\t\t\t\t\t\t\t\t\t\t\t\t\t\t\t\t\t\t\t\t\t\t\t\t\t\t\t\t\t\t\t\t\t\t\t\t\t\t\t\t\t\t\t\t\t\t\t<p>Nous avons d\u00e9but\u00e9 les collectes \u00e0 domicile.La Fondation a \u00e9t\u00e9 reconnue par l&#8217;Agence du Revenu du Canada comme organisme de bienfaisance.<\/p> \t\t\t\t\t\t\t\t\t\t\t\t\t\t\t\t\t\t\t\t\t\t\t\t\t\t\t\t\t\n\t\t\t\t\t\t\t\t2014\n\t\t\t\t\t\t\t\t\t\t\t\t\t\t\t\t\t\t\t<p>2010<\/p>\n\t\t\t\t\t\t\t\t\t\t\t\t\t\t\t\t\t\t\t\t\t\t\t<h3>Bo\u00eetes de collecte ext\u00e9rieures<\/h3> \t\t\t\t\t\t\t\t\t\t\t\n\t\t\t\t\t\t\t\t\t\t\t\t\t\t\t\t\t\t\t\t\t\t\t\t\t\t\t\t\t\t\t\t\t\t\t\t\t\t\t\t\t\t\t\t\t\t\t\t\t\t\t\t\t\t\t\t<p>Nous avons fait preuve d&#8217;innovation en r\u00e9volutionnant la collecte de v\u00eatements par l&#8217;entremise de bo\u00eetes de collecte ext\u00e9rieures semi-enfouies. Nous sommes pass\u00e9s des collectes manuelles \u00e0 des collectes m\u00e9caniques.De plus, nous avons d\u00e9velopp\u00e9 une expertise reconnue en logistique et en gestion de donn\u00e9es.<\/p> \t\t\t\t\t\t\t\t\t\t\t\t\t\t\t\t\t\t\t\t\t\t\t\t\t\t\t\t\t\n\t\t\t\t\t\t\t\t2010\n\t\t\t\t\t\t\t\t\t\t\t\t\t\t\t\t\t\t\t<p>1998<\/p>\n\t\t\t\t\t\t\t\t\t\t\t\t\t\t\t\t\t\t\t\t\t\t\t<h3>Installation des bo\u00eetes de collecte ext\u00e9rieures<\/h3> \t\t\t\t\t\t\t\t\t\t\t\n\t\t\t\t\t\t\t\t\t\t\t\t\t\t\t\t\t\t\t\t\t\t\t\t\t\t\t\t\t\t\t\t\t\t\t\t\t\t\t\t\t\t\t\t\t\t\t\t\t\t\t\t\t\t\t\t<p>Nous avons \u00e9t\u00e9 le premier organisme \u00e0 but non lucratif (OBNL) au Qu\u00e9bec \u00e0 installer des bo\u00eetes de collecte ext\u00e9rieures pour la r\u00e9cup\u00e9ration de v\u00eatements et d&#8217;articles de maison.<\/p> \t\t\t\t\t\t\t\t\t\t\t\t\t\t\t\t\t\t\t\t\t\t\t\t\t\t\t\t\t\n\t\t\t\t\t\t\t\t1998\nNos valeurs\n\t<p>Nos collectes permettent une nouvelle utilisation des mati\u00e8res.<\/p>\n<p>Plut\u00f4t que d&#8217;encombrer les sites d&#8217;enfouissement, nous choisissons la voie de la r\u00e9cup\u00e9ration en plus de soutenir le mentorat jeunesse.<\/p>\n  Notre vision\n\t<p>Renforcer notre positionnement en tant qu&#8217; OBNL leader au niveau de la r\u00e9cup\u00e9ration de textiles et de produits multi-mati\u00e8res dans le Grand Montr\u00e9al en ayant comme principe l&#8217;innovation et l&#8217;excellence du service aux citoyens.<\/p>\n\t\t\t\t<img loading=\"lazy\" decoding=\"async\" src=\"https:\/\/fondationlacollecte.ca\/wp-content\/uploads\/2024\/04\/Design-sans-titre-61.webp\" alt=\"Design sans titre (61)\" itemprop=\"image\" height=\"315\" width=\"851\" title=\"Design sans titre (61)\" onerror=\"this.style.display='none'\"  \/>\n\t\t\t\t<img loading=\"lazy\" decoding=\"async\" src=\"https:\/\/fondationlacollecte.ca\/wp-content\/uploads\/2024\/05\/Nos-services-9.webp\" alt=\"Nos services (7)\" itemprop=\"image\" height=\"315\" width=\"851\" title=\"Nos services (7)\" onerror=\"this.style.display='none'\"  \/>\n\t\t\t\t<img loading=\"lazy\" decoding=\"async\" src=\"https:\/\/fondationlacollecte.ca\/wp-content\/uploads\/2024\/05\/Robert-St-Jean-2.jpg\" alt=\"Robert-St-Jean-2\" itemprop=\"image\" height=\"1197\" width=\"1116\" title=\"Robert-St-Jean-2\" onerror=\"this.style.display='none'\"  \/>\n\t<strong>Robert St-Jean<\/strong><br \/>\nPr\u00e9sident\n\t\t\t\t<img loading=\"lazy\" decoding=\"async\" src=\"https:\/\/fondationlacollecte.ca\/wp-content\/uploads\/2024\/05\/Christian222-1923x2048-1.jpg\" alt=\"Christian222-1923x2048\" itemprop=\"image\" height=\"2048\" width=\"1923\" title=\"Christian222-1923x2048\" onerror=\"this.style.display='none'\"  \/>\n\t<strong>Christian Sonfack<\/strong><br \/>\nTr\u00e9sorier\n\t\t\t\t<img loading=\"lazy\" decoding=\"async\" src=\"https:\/\/fondationlacollecte.ca\/wp-content\/uploads\/2024\/05\/famarcotte_pa.webp\" alt=\"famarcotte_pa\" itemprop=\"image\" height=\"789\" width=\"947\" title=\"famarcotte_pa\" onerror=\"this.style.display='none'\"  \/>\n\t<strong>Francis Arnaud Marcotte<\/strong><br \/>\nSecr\u00e9taire\n\t\t\t\t<img loading=\"lazy\" decoding=\"async\" src=\"https:\/\/fondationlacollecte.ca\/wp-content\/uploads\/2024\/05\/unnamed-1-scaled-1.webp\" alt=\"unnamed-1-scaled\" itemprop=\"image\" height=\"2560\" width=\"1706\" title=\"unnamed-1-scaled\" onerror=\"this.style.display='none'\"  \/>\n\t<strong>Marie-\u00c9laine L\u00e9pine<\/strong><br \/>\nAdministratrice\n\t\t\t\t<img loading=\"lazy\" decoding=\"async\" src=\"https:\/\/fondationlacollecte.ca\/wp-content\/uploads\/2024\/05\/alexandra-4.webp\" alt=\"alexandra (4)\" itemprop=\"image\" height=\"1197\" width=\"1116\" title=\"alexandra (4)\" onerror=\"this.style.display='none'\"  \/>\n\t<strong>Alexandra Troubetzkoy<\/strong><br \/>\nAdministratrice\n\t\t\t\t<img loading=\"lazy\" decoding=\"async\" src=\"https:\/\/fondationlacollecte.ca\/wp-content\/uploads\/2024\/05\/Gabrielle-222.webp\" alt=\"Gabrielle-222\" itemprop=\"image\" height=\"938\" width=\"835\" title=\"Gabrielle-222\" onerror=\"this.style.display='none'\"  \/>\n\t<strong>Gabrielle Bertrand-Lemay<\/strong><br \/>\nAdministratrice\n\t\t\t\t<img loading=\"lazy\" decoding=\"async\" src=\"https:\/\/fondationlacollecte.ca\/wp-content\/uploads\/2024\/04\/Design-sans-titre-61.webp\" alt=\"Design sans titre (61)\" itemprop=\"image\" height=\"315\" width=\"851\" title=\"Design sans titre (61)\" onerror=\"this.style.display='none'\"  \/>\n\t\t\t\t<img loading=\"lazy\" decoding=\"async\" src=\"https:\/\/fondationlacollecte.ca\/wp-content\/uploads\/2024\/05\/Nos-services-11.webp\" alt=\"partenaires\" itemprop=\"image\" height=\"315\" width=\"851\" title=\"partenaires\" onerror=\"this.style.display='none'\"  \/>\n\t\t\t\t<img loading=\"lazy\" decoding=\"async\" src=\"https:\/\/fondationlacollecte.ca\/wp-content\/uploads\/2024\/04\/Habitat-pour-lhumanite.webp\" alt=\"Habitat pour l&#039;humanit\u00e9\" itemprop=\"image\" height=\"135\" width=\"557\" title=\"Habitat pour l&#039;humanit\u00e9\" onerror=\"this.style.display='none'\"  \/>\n\t\t\t\t<img loading=\"lazy\" decoding=\"async\" src=\"https:\/\/fondationlacollecte.ca\/wp-content\/uploads\/2024\/04\/Grand-Freres-Grandes-Soeurs.webp\" alt=\"Grand Fr\u00e8res Grandes Soeurs\" itemprop=\"image\" height=\"223\" width=\"1024\" title=\"Grand Fr\u00e8res Grandes Soeurs\" onerror=\"this.style.display='none'\"  \/>\n\t\t\t\t<img loading=\"lazy\" decoding=\"async\" src=\"https:\/\/fondationlacollecte.ca\/wp-content\/uploads\/2024\/04\/2019_LOGO_SLOGAN_VERT-1-1-7.webp\" alt=\"2019_LOGO_SLOGAN_VERT (1) (1) (7)\" itemprop=\"image\" height=\"165\" width=\"794\" title=\"2019_LOGO_SLOGAN_VERT (1) (1) (7)\" onerror=\"this.style.display='none'\"  \/>\n\n","protected":false},"excerpt":{"rendered":"<p>Notre mission La Fondation la Collecte, anciennement Fondation des Grands Fr\u00e8res Grandes S\u0153urs, soutient le mentorat jeunesse depuis plus de 20 ans par ses activit\u00e9s de r\u00e9cup\u00e9ration de v\u00eatements et d&#8217;articles de maison. Depuis sa cr\u00e9ation en 1998 0 tonnes de v\u00eatements collect\u00e9es 0 M $ Redevances vers\u00e9es aux agences des Grands Fr\u00e8res Grandes S\u0153urs [&hellip;]<\/p>\n","protected":false},"author":3,"featured_media":0,"parent":0,"menu_order":0,"comment_status":"closed","ping_status":"closed","template":"","meta":{"_acf_changed":false,"site-sidebar-layout":"no-sidebar","site-content-layout":"page-builder","ast-site-content-layout":"full-width-container","site-content-style":"unboxed","site-sidebar-style":"unboxed","ast-global-header-display":"","ast-banner-title-visibility":"","ast-main-header-display":"","ast-hfb-above-header-display":"","ast-hfb-below-header-display":"","ast-hfb-mobile-header-display":"","site-post-title":"disabled","ast-breadcrumbs-content":"","ast-featured-img":"disabled","footer-sml-layout":"","ast-disable-related-posts":"","theme-transparent-header-meta":"disabled","adv-header-id-meta":"","stick-header-meta":"default","header-above-stick-meta":"","header-main-stick-meta":"","header-below-stick-meta":"","astra-migrate-meta-layouts":"default","ast-page-background-enabled":"default","ast-page-background-meta":{"desktop":{"background-color":"","background-image":"","background-repeat":"repeat","background-position":"center center","background-size":"auto","background-attachment":"scroll","background-type":"","background-media":"","overlay-type":"","overlay-color":"","overlay-opacity":"","overlay-gradient":""},"tablet":{"background-color":"","background-image":"","background-repeat":"repeat","background-position":"center center","background-size":"auto","background-attachment":"scroll","background-type":"","background-media":"","overlay-type":"","overlay-color":"","overlay-opacity":"","overlay-gradient":""},"mobile":{"background-color":"","background-image":"","background-repeat":"repeat","background-position":"center center","background-size":"auto","background-attachment":"scroll","background-type":"","background-media":"","overlay-type":"","overlay-color":"","overlay-opacity":"","overlay-gradient":""}},"ast-content-background-meta":{"desktop":{"background-color":"var(--ast-global-color-5)","background-image":"","background-repeat":"repeat","background-position":"center center","background-size":"auto","background-attachment":"scroll","background-type":"","background-media":"","overlay-type":"","overlay-color":"","overlay-opacity":"","overlay-gradient":""},"tablet":{"background-color":"var(--ast-global-color-5)","background-image":"","background-repeat":"repeat","background-position":"center center","background-size":"auto","background-attachment":"scroll","background-type":"","background-media":"","overlay-type":"","overlay-color":"","overlay-opacity":"","overlay-gradient":""},"mobile":{"background-color":"var(--ast-global-color-5)","background-image":"","background-repeat":"repeat","background-position":"center center","background-size":"auto","background-attachment":"scroll","background-type":"","background-media":"","overlay-type":"","overlay-color":"","overlay-opacity":"","overlay-gradient":""}},"footnotes":""},"class_list":["post-1812","page","type-page","status-publish","hentry"],"acf":[],"_links":{"self":[{"href":"https:\/\/fondationlacollecte.ca\/en\/wp-json\/wp\/v2\/pages\/1812","targetHints":{"allow":["GET"]}}],"collection":[{"href":"https:\/\/fondationlacollecte.ca\/en\/wp-json\/wp\/v2\/pages"}],"about":[{"href":"https:\/\/fondationlacollecte.ca\/en\/wp-json\/wp\/v2\/types\/page"}],"author":[{"embeddable":true,"href":"https:\/\/fondationlacollecte.ca\/en\/wp-json\/wp\/v2\/users\/3"}],"replies":[{"embeddable":true,"href":"https:\/\/fondationlacollecte.ca\/en\/wp-json\/wp\/v2\/comments?post=1812"}],"version-history":[{"count":2,"href":"https:\/\/fondationlacollecte.ca\/en\/wp-json\/wp\/v2\/pages\/1812\/revisions"}],"predecessor-version":[{"id":1825,"href":"https:\/\/fondationlacollecte.ca\/en\/wp-json\/wp\/v2\/pages\/1812\/revisions\/1825"}],"wp:attachment":[{"href":"https:\/\/fondationlacollecte.ca\/en\/wp-json\/wp\/v2\/media?parent=1812"}],"curies":[{"name":"wp","href":"https:\/\/api.w.org\/{rel}","templated":true}]}}