{"id":1809,"date":"2017-10-04T13:31:36","date_gmt":"2017-10-04T13:31:36","guid":{"rendered":"https:\/\/collecte.gestionlab.net\/home\/"},"modified":"2025-09-05T16:53:01","modified_gmt":"2025-09-05T16:53:01","slug":"home","status":"publish","type":"page","link":"https:\/\/fondationlacollecte.ca\/en\/","title":{"rendered":"Home"},"content":{"rendered":"\n\n\t\t\t\t<img decoding=\"async\" src=\"https:\/\/fondationlacollecte.ca\/wp-content\/uploads\/2024\/04\/statistiques-1.webp\" alt=\"statistiques\" title=\"statistiques\" itemprop=\"image\"\/>\n\t\t<h3>Fondation la Collecte has been supporting the cause of Big Brothers Big Sisters since 1998 through its clothing and household goods collection activities.<\/h3>\t\t\t\n\t\t\t<a href=\"\/collecte-a-domicile-2\/\" target=\"_self\"  aria-label=\"Home collection\">\n\t\t\t\t\t\t\t\tHome collection \n\t\t\t\t\t\t\t<\/a>\n\t\t\t\t<img decoding=\"async\" src=\"https:\/\/fondationlacollecte.ca\/wp-content\/uploads\/2024\/04\/cropped-favicon.webp\" alt=\"https:\/\/fondationlacollecte.ca\/wp-content\/uploads\/2024\/04\/cropped-favicon.webp\" title=\"cropped-favicon.webp\" itemprop=\"image\"\/>\n\t\t\t<a href=\"https:\/\/fondationlacollecte.ca\/#collecte-ramasse\" target=\"_self\"  aria-label=\"What La Collecte collects\">\n\t\t\t\t\t\t\t\tWhat La Collecte collects\n\t\t\t\t\t\t\t<\/a>\n\t\t\t\t<img decoding=\"async\" src=\"https:\/\/fondationlacollecte.ca\/wp-content\/uploads\/2024\/04\/Design-sans-titre-61.webp\" alt=\"Design sans titre (61)\" itemprop=\"image\" height=\"315\" width=\"851\" title=\"Design sans titre (61)\" onerror=\"this.style.display='none'\" loading='lazy' \/>\n\t\t\t\t<img decoding=\"async\" src=\"https:\/\/fondationlacollecte.ca\/wp-content\/uploads\/2024\/04\/Nos-services-6.webp\" alt=\"secteurs\" itemprop=\"image\" height=\"315\" width=\"851\" title=\"secteurs\" onerror=\"this.style.display='none'\" loading='lazy' \/>\n\t\n\t\t\t\t<img decoding=\"async\" src=\"https:\/\/fondationlacollecte.ca\/wp-content\/uploads\/2024\/04\/Design-sans-titre-61.webp\" alt=\"Design sans titre (61)\" itemprop=\"image\" height=\"315\" width=\"851\" title=\"Design sans titre (61)\" onerror=\"this.style.display='none'\" loading='lazy' \/>\n\t\t\t\t<img decoding=\"async\" src=\"https:\/\/fondationlacollecte.ca\/wp-content\/uploads\/2024\/04\/Nos-services-851-x-115-px.webp\" alt=\"Nos services (851 x 115 px)\" itemprop=\"image\" height=\"115\" width=\"851\" title=\"Nos services (851 x 115 px)\" onerror=\"this.style.display='none'\" loading='lazy' \/>\n\t\t\t\t<img decoding=\"async\" src=\"https:\/\/fondationlacollecte.ca\/wp-content\/uploads\/2024\/04\/DOMICILE-300x113.webp\" alt=\"DOMICILE\" itemprop=\"image\" height=\"113\" width=\"300\" title=\"DOMICILE\" onerror=\"this.style.display='none'\" loading='lazy' \/>\n\t\t\t\t<img decoding=\"async\" src=\"https:\/\/fondationlacollecte.ca\/wp-content\/uploads\/2024\/04\/\u251c\u00aelectroniques.webp\" alt=\"\u251c\u00aelectroniques\"\/>\n\t\t\t\n\t\t\t\t<p>We pick up your clothing and household goods at your home, free of charge! We serve many communities in the metropolitan area.<\/p>\n\t\t<a href=\"\/collecte-a-domicile-2\/\" target=\"_self\"  aria-label=\"Aller \u00e0 \/collecte-a-domicile-2\/\"><\/a>\n\t\t\t\t<img decoding=\"async\" src=\"https:\/\/fondationlacollecte.ca\/wp-content\/uploads\/2024\/04\/POP-UP-300x113.webp\" alt=\"POP-UP\" itemprop=\"image\" height=\"113\" width=\"300\" title=\"POP-UP\" onerror=\"this.style.display='none'\" loading='lazy' \/>\n\t\t\t\t<img decoding=\"async\" src=\"https:\/\/fondationlacollecte.ca\/wp-content\/uploads\/2024\/04\/pop-up-1.webp\" alt=\"pop-up\"\/>\n\t\t\t\n\t\t\t\t<p>Our goal is to meet and raise awareness of our cause among potential corporate and individual donors at community events, festivals and trade fairs.<\/p>\n\t\t<a href=\"\/pop-up-la-collecte\/\" target=\"_self\"  aria-label=\"Aller \u00e0 \/pop-up-la-collecte\/\"><\/a>\n\t\t\t\t<img decoding=\"async\" src=\"https:\/\/fondationlacollecte.ca\/wp-content\/uploads\/2024\/04\/CENTRE-DE-DONS-300x111.webp\" alt=\"CENTRE DE DONS\" itemprop=\"image\" height=\"111\" width=\"300\" title=\"CENTRE DE DONS\" onerror=\"this.style.display='none'\" loading='lazy' \/>\n\t\t\t\t<img decoding=\"async\" src=\"https:\/\/fondationlacollecte.ca\/wp-content\/uploads\/2024\/04\/centre-communautaire.webp\" alt=\"centre communautaire\"\/>\n\t\t\t\n\t\t\t\t<p>In collaboration with our partner, Village des Valeurs, we invite you to bring your clothing and household goods directly to La Collecte Community Donation Centres.<\/p>\n\t\t<a href=\"\/centre-de-dons-communautaires\/\" target=\"_self\"  aria-label=\"Aller \u00e0 \/centre-de-dons-communautaires\/\"><\/a>\n\t\t\t\t<img decoding=\"async\" src=\"https:\/\/fondationlacollecte.ca\/wp-content\/uploads\/2024\/04\/BOITE-DE-DONS-300x113.webp\" alt=\"BOITE DE DONS\" itemprop=\"image\" height=\"113\" width=\"300\" title=\"BOITE DE DONS\" onerror=\"this.style.display='none'\" loading='lazy' \/>\n\t\t\t\t<img decoding=\"async\" src=\"https:\/\/fondationlacollecte.ca\/wp-content\/uploads\/2024\/04\/boite-de-don-collecte.webp\" alt=\"boite de don collecte\"\/>\n\t\t\t\n\t\t\t\t<p><b>Would you like to donate your clothing or household goods?<\/b>&#8221;Fondation la Collecte has over a hundred collection boxes on the territory of the CMM, the Communaut\u00e9 M\u00e9tropolitaine de Montr\u00e9al.<\/p>\n\t\t<a href=\"\/boite-de-dons\/\" target=\"_self\"  aria-label=\"Aller \u00e0 \/boite-de-dons\/\"><\/a>\n\t\t\t\t<img decoding=\"async\" src=\"https:\/\/fondationlacollecte.ca\/wp-content\/uploads\/2024\/04\/RESIDENTIEL-300x113.webp\" alt=\"R\u00c9SIDENTIEL\" itemprop=\"image\" height=\"113\" width=\"300\" title=\"R\u00c9SIDENTIEL\" onerror=\"this.style.display='none'\" loading='lazy' \/>\n\t\t\t\t<img decoding=\"async\" src=\"https:\/\/fondationlacollecte.ca\/wp-content\/uploads\/2024\/04\/\u251c\u00ael\u251c\u00aectrom\u251c\u00aenager.webp\" alt=\"\u251c\u00ael\u251c\u00aectrom\u251c\u00aenager\"\/>\n\t\t\t\n\t\t\t\t<p>&#8220;We have over a hundred containers for the collection of clothing and household goods installed in residential complexes in the greater Montreal area.&#8221;<\/p>\n\t\t<a href=\"\/boites-de-dons-de-vetements-complexes-residentiels\/\" target=\"_self\"  aria-label=\"Aller \u00e0 \/boites-de-dons-de-vetements-complexes-residentiels\/\"><\/a>\n\t\t\t\t<img decoding=\"async\" src=\"https:\/\/fondationlacollecte.ca\/wp-content\/uploads\/2024\/04\/AU-BOULOT-300x113.webp\" alt=\"AU BOULOT\" itemprop=\"image\" height=\"113\" width=\"300\" title=\"AU BOULOT\" onerror=\"this.style.display='none'\" loading='lazy' \/>\n\t\t\t\t<img decoding=\"async\" src=\"https:\/\/fondationlacollecte.ca\/wp-content\/uploads\/2024\/04\/vannne-collecte.webp\" alt=\"vannne collecte\"\/>\n\t\t\t\n\t\t\t\t<p>La Collecte&#8217;s goal is to raise awareness of our mission among the general public, through a charitable activity in the workplace.<\/p>\n\t\t<a href=\"\/la-collecte-au-boulot\/\" target=\"_self\"  aria-label=\"Aller \u00e0 \/la-collecte-au-boulot\/\"><\/a>\n\t\t\t\t<img decoding=\"async\" src=\"https:\/\/fondationlacollecte.ca\/wp-content\/uploads\/2024\/04\/Nos-services-1.webp\" alt=\"Nos services (1)\" itemprop=\"image\" height=\"315\" width=\"851\" title=\"Nos services (1)\" onerror=\"this.style.display='none'\" loading='lazy' \/>\n\t<ul>\n\t\t<li><h3>Clothing &#8211; Shoes &#8211; Toys<\/h3><\/li><li><h3>Sporting goods &#8211; Household goods &#8211; Electronics<\/h3><\/li><li><h3>Books &#8211; Office supplies &#8211; Batteries &#8211; Board games<\/h3><\/li><li><h3>Crockery &#8211; Saucepans &#8211; Cookware &#8211; Jewellery<\/h3><\/li><li><h3>Handbags &#8211; Backpacks &#8211; Lamps &#8211; Kettles &#8211; etc.<\/h3><\/li>\t<\/ul>\n\t\t\t<a href=\"\/collecte-a-domicile\" title=\"Cliquez ici\" target=\"_self\"   role=\"button\" aria-label=\"See collection points\">\n\t\t\t\t\t\t\tSee collection points\n\t\t<\/a>\n\t\t\t\t<img decoding=\"async\" src=\"https:\/\/fondationlacollecte.ca\/wp-content\/uploads\/2024\/04\/fripperie.webp\" alt=\"fripperie\" itemprop=\"image\" height=\"1225\" width=\"1706\" title=\"fripperie\" onerror=\"this.style.display='none'\" loading='lazy' \/>\n  Bike  \n\t\t\t\t<img decoding=\"async\" src=\"https:\/\/fondationlacollecte.ca\/wp-content\/uploads\/2024\/04\/bikes.webp\" alt=\"bikes\" itemprop=\"image\" height=\"1225\" width=\"1706\" title=\"bikes\" onerror=\"this.style.display='none'\" loading='lazy' \/>\n\t<p>At our partner&#8217;s<\/p>\n\t\t\t\t<a href=\"https:\/\/cyclonordsud.org\/\" target=\"_blank\" rel=\"noopener\" itemprop=\"url\">\n\t\t\t\t<img decoding=\"async\" src=\"https:\/\/fondationlacollecte.ca\/wp-content\/uploads\/2024\/04\/2019_LOGO_SLOGAN_VERT-1-1-7.webp\" alt=\"2019_LOGO_SLOGAN_VERT (1) (1) (7)\" itemprop=\"image\" height=\"165\" width=\"794\" title=\"2019_LOGO_SLOGAN_VERT (1) (1) (7)\" onerror=\"this.style.display='none'\" loading='lazy' \/>\n\t\t\t\t<\/a>\n  Building materials and furniture\n\t\t\t\t<img decoding=\"async\" src=\"https:\/\/fondationlacollecte.ca\/wp-content\/uploads\/2024\/04\/meubeles.webp\" alt=\"meubeles\" itemprop=\"image\" height=\"1225\" width=\"1706\" title=\"meubeles\" onerror=\"this.style.display='none'\" loading='lazy' \/>\n\t<p>At our partner&#8217;s<\/p>\n\t\t\t\t<a href=\"https:\/\/quebec.habitat.ca\/fr\/\" target=\"_blank\" rel=\"noopener\" itemprop=\"url\">\n\t\t\t\t<img decoding=\"async\" src=\"https:\/\/fondationlacollecte.ca\/wp-content\/uploads\/2024\/04\/Habitat-pour-lhumanite.webp\" alt=\"Habitat pour l&#039;humanit\u00e9\" itemprop=\"image\" height=\"135\" width=\"557\" title=\"Habitat pour l&#039;humanit\u00e9\" onerror=\"this.style.display='none'\" loading='lazy' \/>\n\t\t\t\t<\/a>\nFurniture, electronic mattress\n\t\t\t\t<img decoding=\"async\" src=\"https:\/\/fondationlacollecte.ca\/wp-content\/uploads\/2024\/06\/image-collectif-bienvenu.jpg\" alt=\"image collectif bienvenu\" itemprop=\"image\" height=\"667\" width=\"1000\" title=\"image collectif bienvenu\" onerror=\"this.style.display='none'\" loading='lazy' \/>\n\t<p>At our partner&#8217;s<\/p>\n\t\t\t\t<a href=\"https:\/\/quebec.habitat.ca\/fr\/\" target=\"_blank\" rel=\"noopener\" itemprop=\"url\">\n\t\t\t\t<img decoding=\"async\" src=\"https:\/\/fondationlacollecte.ca\/wp-content\/uploads\/2024\/06\/LOGO_WECO_BILINGUE_RVB_BLEU.jpg\" alt=\"LOGO_WECO_BILINGUE_RVB_BLEU\" itemprop=\"image\" height=\"401\" width=\"2197\" title=\"LOGO_WECO_BILINGUE_RVB_BLEU\" onerror=\"this.style.display='none'\" loading='lazy' \/>\n\t\t\t\t<\/a>\n\t<ul>\n<li>\nrefrigerators and stoves\n<\/li>\n<li>kitchen tables and chairs<\/li>\n<li>single, double and queen mattresses and bases<\/li>\n<li>cribs and crib mattresses<\/li>\n<li>most living-room furniture (sofas under 80&#8243;\/200 cm long, armchairs, coffee tables and occasional tables)<\/li>\n<li>certain bedroom furniture (chests of drawers, bedside tables and metal bed frames)<\/li>\n<li>small desks (less than 36 inches long)<\/li>\n<li>air conditioners and fans<\/li>\n<\/ul>\n  <meta charset=\"UTF-8\"\/>\n  <meta name=\"viewport\" content=\"width=device-width, initial-scale=1.0\"\/>\n  <title>Rond Rouge with #OurValues<\/title>\n  <style>\n    .container {\n      width: 150px;\n      height: 150px;\n      background-color: #e82442;\n      border-radius: 50%; \/* Pour cr\u00e9er un rond *\/\n      display: flex;\n      justify-content: center;\n      text-align: center;\n      align-items: center;\n      color: white;\n      font-size: 15px;\n      font-family: Poppins, Light;\n    }\n  <\/style>\nWhat La Collecte<br \/> does not collect\n\t<ul>\n\t\t<li>\t\t\t\t\n\t\t<h3>Appliances and furniture<\/h3><\/li><li>\t\t\t\t\n\t\t<h3>Mattresses and bed frames<\/h3><\/li><li>\t\t\t\t\n\t\t<h3>Large electronic appliances (televisions)<\/h3><\/li><li>\t\t\t\t\n\t\t<h3>Heavy objects<\/h3><\/li><li>\t\t\t\t\n\t\t<h3>Bikes for adults and children<\/h3><\/li>\t<\/ul>\n\t<ul>\n\t\t<li>\t\t\t\t\n\t\t<h3>Tires and car parts (car seats)<\/h3><\/li><li>\t\t\t\t\n\t\t<h3>Household hazardous waste<\/h3><\/li><li>\t\t\t\t\n\t\t<h3>Building materials<\/h3><\/li><li>\t\t\t\t\n\t\t<h3>Plumbing and electrical items<\/h3><\/li><li>\t\t\t\t\n\t\t<h3>Putrescible matter<\/h3><\/li>\t<\/ul>\n\t\t\t\t<img decoding=\"async\" src=\"https:\/\/fondationlacollecte.ca\/wp-content\/uploads\/2024\/04\/Design-sans-titre-61.webp\" alt=\"Design sans titre (61)\" itemprop=\"image\" height=\"315\" width=\"851\" title=\"Design sans titre (61)\" onerror=\"this.style.display='none'\" loading='lazy' \/>\n\t\t\t\t<img decoding=\"async\" src=\"https:\/\/fondationlacollecte.ca\/wp-content\/uploads\/2024\/04\/Nos-services-2.webp\" alt=\"Actualit\u00e9 et nouvelles\" itemprop=\"image\" height=\"315\" width=\"851\" title=\"Actualit\u00e9 et nouvelles\" onerror=\"this.style.display='none'\" loading='lazy' \/>\n\t\t\t\t\t\t<h3>\n\t\t\t\t<a href=\"https:\/\/fondationlacollecte.ca\/en\/this-is-the-post-title\/\" title=\"This is the post title\">This is the post title<\/a>\t\t\t<\/h3>\n\t\t\t\t\t\t\t\tThis is the post content\n\t\t\t\t\t<a href=\"https:\/\/fondationlacollecte.ca\/en\/this-is-the-post-title\/\" title=\"Lire la suite\" target=\"_self\">Read more &#8594;<\/a>\t\t\n\t\t\t\t\t\t\t\t\t\t\t\t\t\t<a href=\"https:\/\/fondationlacollecte.ca\/en\/la-collecte-au-bureau-an-eco-responsible-partnership\/\" target=\"_self\" title=\"La Collecte au Bureau: An Eco-Responsible Partnership\">\n\t\t\t\t<img decoding=\"async\" src=\"https:\/\/fondationlacollecte.ca\/wp-content\/uploads\/2024\/08\/Capture-decran-le-2024-08-15-a-14.48.50-300x295.png\" alt=\"\" \/>\n\t\t\t\t<\/a>\n\t\t\t\t\t\t<h3>\n\t\t\t\t<a href=\"https:\/\/fondationlacollecte.ca\/en\/la-collecte-au-bureau-an-eco-responsible-partnership\/\" title=\"La Collecte au Bureau: An Eco-Responsible Partnership\">La Collecte au Bureau: An Eco-Responsible Partnership<\/a>\t\t\t<\/h3>\n\t\t\t<a href=\"https:\/\/fondationlacollecte.ca\/en\/la-collecte-au-bureau-an-eco-responsible-partnership\/\" title=\"Lire la suite\" target=\"_self\">Read more &#8594;<\/a>\t\t\n\t\t\t\t\t\t\t\t\t\t\t\t\t\t<a href=\"https:\/\/fondationlacollecte.ca\/en\/2385\/\" target=\"_self\" title=\"Discover our Youtube Shorts!\">\n\t\t\t\t<img decoding=\"async\" src=\"https:\/\/fondationlacollecte.ca\/wp-content\/uploads\/2024\/06\/youtube-shorts-x-la-collecte-300x169.png\" alt=\"\" \/>\n\t\t\t\t<\/a>\n\t\t\t\t\t\t<h3>\n\t\t\t\t<a href=\"https:\/\/fondationlacollecte.ca\/en\/2385\/\" title=\"Discover our Youtube Shorts!\">Discover our Youtube Shorts!<\/a>\t\t\t<\/h3>\n\t\t\t\t\t\t\t\tExplorez nos Youtube Shorts Ici!\n\t\t\t\t\t<a href=\"https:\/\/fondationlacollecte.ca\/en\/2385\/\" title=\"Lire la suite\" target=\"_self\">Read more &#8594;<\/a>\t\t\n\t\t\t\t\t\t\t\t\t\t\t\t\t\t<a href=\"https:\/\/fondationlacollecte.ca\/en\/test\/\" target=\"_self\" title=\"Home collection coming soon\">\n\t\t\t\t<img decoding=\"async\" src=\"https:\/\/fondationlacollecte.ca\/wp-content\/uploads\/2024\/04\/\u251c\u00aecole-i-think-300x215.webp\" alt=\"\" \/>\n\t\t\t\t<\/a>\n\t\t\t\t\t\t<h3>\n\t\t\t\t<a href=\"https:\/\/fondationlacollecte.ca\/en\/test\/\" title=\"Home collection coming soon\">Home collection coming soon<\/a>\t\t\t<\/h3>\n\t\t\t<a href=\"https:\/\/fondationlacollecte.ca\/en\/test\/\" title=\"Lire la suite\" target=\"_self\">Read more &#8594;<\/a>\t\t\n\t\t\t\t\t\t\t\t\t\t\t\t\t\t<a href=\"https:\/\/fondationlacollecte.ca\/en\/la-collecte-a-place-where-you-feel-good\/\" target=\"_self\" title=\"La Collecte, a place where you feel good\">\n\t\t\t\t<img decoding=\"async\" src=\"https:\/\/fondationlacollecte.ca\/wp-content\/uploads\/2024\/04\/IMG_9218-scaled-1600x900-1-300x169.jpeg\" alt=\"\" \/>\n\t\t\t\t<\/a>\n\t\t\t\t\t\t<h3>\n\t\t\t\t<a href=\"https:\/\/fondationlacollecte.ca\/en\/la-collecte-a-place-where-you-feel-good\/\" title=\"La Collecte, a place where you feel good\">La Collecte, a place where you feel good<\/a>\t\t\t<\/h3>\n\t\t\t<a href=\"https:\/\/fondationlacollecte.ca\/en\/la-collecte-a-place-where-you-feel-good\/\" title=\"Lire la suite\" target=\"_self\">Read more &#8594;<\/a>\t\t\n\t\t\t\t\t\t\t\t\t\t\t\t\t\t<a href=\"https:\/\/fondationlacollecte.ca\/en\/la-collecte-au-boulot-generating-gratitude-at-work\/\" target=\"_self\" title=\"La Collecte au boulot: Generating gratitude at work!\">\n\t\t\t\t<img decoding=\"async\" src=\"https:\/\/fondationlacollecte.ca\/wp-content\/uploads\/2024\/04\/bureau-300x215.webp\" alt=\"\" \/>\n\t\t\t\t<\/a>\n\t\t\t\t\t\t<h3>\n\t\t\t\t<a href=\"https:\/\/fondationlacollecte.ca\/en\/la-collecte-au-boulot-generating-gratitude-at-work\/\" title=\"La Collecte au boulot: Generating gratitude at work!\">La Collecte au boulot: Generating gratitude at work!<\/a>\t\t\t<\/h3>\n\t\t\t<a href=\"https:\/\/fondationlacollecte.ca\/en\/la-collecte-au-boulot-generating-gratitude-at-work\/\" title=\"Lire la suite\" target=\"_self\">Read more &#8594;<\/a>\t\t\n\t\t\t\t<img decoding=\"async\" src=\"https:\/\/fondationlacollecte.ca\/wp-content\/uploads\/2024\/04\/Design-sans-titre-61.webp\" alt=\"Design sans titre (61)\" itemprop=\"image\" height=\"315\" width=\"851\" title=\"Design sans titre (61)\" onerror=\"this.style.display='none'\" loading='lazy' \/>\n\t\t\t\t<img decoding=\"async\" src=\"https:\/\/fondationlacollecte.ca\/wp-content\/uploads\/2024\/04\/Nos-services-3.webp\" alt=\"Statistiques\" itemprop=\"image\" height=\"315\" width=\"851\" title=\"Statistiques\" onerror=\"this.style.display='none'\" loading='lazy' \/>\n\t\t\t\t<img decoding=\"async\" src=\"https:\/\/fondationlacollecte.ca\/wp-content\/uploads\/2024\/04\/statistiques-2.webp\" alt=\"statistiques\" itemprop=\"image\" height=\"527\" width=\"662\" title=\"statistiques\" onerror=\"this.style.display='none'\" loading='lazy' \/>\n\t\t\t\t<img decoding=\"async\" src=\"https:\/\/fondationlacollecte.ca\/wp-content\/uploads\/2024\/04\/Design-sans-titre-61.webp\" alt=\"Design sans titre (61)\" itemprop=\"image\" height=\"315\" width=\"851\" title=\"Design sans titre (61)\" onerror=\"this.style.display='none'\" loading='lazy' \/>\n\t\t\t\t<img decoding=\"async\" src=\"https:\/\/fondationlacollecte.ca\/wp-content\/uploads\/2024\/04\/Nos-services-5.webp\" alt=\"partenaires\" itemprop=\"image\" height=\"315\" width=\"851\" title=\"partenaires\" onerror=\"this.style.display='none'\" loading='lazy' \/>\n\t\t\t\t<img decoding=\"async\" src=\"https:\/\/fondationlacollecte.ca\/wp-content\/uploads\/2024\/04\/Grand-Freres-Grandes-Soeurs.webp\" alt=\"Grand Fr\u00e8res Grandes Soeurs\" itemprop=\"image\" height=\"223\" width=\"1024\" title=\"Grand Fr\u00e8res Grandes Soeurs\" onerror=\"this.style.display='none'\" loading='lazy' \/>\n\t\t\t\t<img decoding=\"async\" src=\"https:\/\/fondationlacollecte.ca\/wp-content\/uploads\/2024\/04\/village-des-valeurs.png\" alt=\"village des valeurs\" itemprop=\"image\" height=\"135\" width=\"557\" title=\"village des valeurs\" onerror=\"this.style.display='none'\" loading='lazy' \/>\n\t\t\t\t<img decoding=\"async\" src=\"https:\/\/fondationlacollecte.ca\/wp-content\/uploads\/2024\/04\/desjardins.png\" alt=\"desjardins\" itemprop=\"image\" height=\"135\" width=\"557\" title=\"desjardins\" onerror=\"this.style.display='none'\" loading='lazy' \/>\n\t\t\t\t<img decoding=\"async\" src=\"https:\/\/fondationlacollecte.ca\/wp-content\/uploads\/2024\/04\/hydro-quebec.png\" alt=\"hydro quebec\" itemprop=\"image\" height=\"135\" width=\"557\" title=\"hydro quebec\" onerror=\"this.style.display='none'\" loading='lazy' \/>\n\t\t\t\t<img decoding=\"async\" src=\"https:\/\/fondationlacollecte.ca\/wp-content\/uploads\/2024\/04\/Habitat-pour-lhumanite.webp\" alt=\"Habitat pour l&#039;humanit\u00e9\" itemprop=\"image\" height=\"135\" width=\"557\" title=\"Habitat pour l&#039;humanit\u00e9\" onerror=\"this.style.display='none'\" loading='lazy' \/>\n\t\t\t\t<img decoding=\"async\" src=\"https:\/\/fondationlacollecte.ca\/wp-content\/uploads\/2024\/04\/2019_LOGO_SLOGAN_VERT-1-1-7.webp\" alt=\"2019_LOGO_SLOGAN_VERT (1) (1) (7)\" itemprop=\"image\" height=\"165\" width=\"794\" title=\"2019_LOGO_SLOGAN_VERT (1) (1) (7)\" onerror=\"this.style.display='none'\" loading='lazy' \/>\n\t\t\t\t<img decoding=\"async\" src=\"https:\/\/fondationlacollecte.ca\/wp-content\/uploads\/2024\/06\/LOGO_WECO_BILINGUE_RVB_BLEU.jpg\" alt=\"LOGO_WECO_BILINGUE_RVB_BLEU\" itemprop=\"image\" height=\"401\" width=\"2197\" title=\"LOGO_WECO_BILINGUE_RVB_BLEU\" onerror=\"this.style.display='none'\" loading='lazy' \/>\n\t\t\t\t<img decoding=\"async\" src=\"https:\/\/fondationlacollecte.ca\/wp-content\/uploads\/2024\/04\/Logo_SuperC.png\" alt=\"Logo_SuperC\" itemprop=\"image\" height=\"223\" width=\"612\" title=\"Logo_SuperC\" onerror=\"this.style.display='none'\" loading='lazy' \/>\n\t\t\t\t<img decoding=\"async\" src=\"https:\/\/fondationlacollecte.ca\/wp-content\/uploads\/2024\/04\/iga-1.png\" alt=\"iga (1)\" itemprop=\"image\" height=\"200\" width=\"400\" title=\"iga (1)\" onerror=\"this.style.display='none'\" loading='lazy' \/>\n\t\t\t\t<img decoding=\"async\" src=\"https:\/\/fondationlacollecte.ca\/wp-content\/uploads\/2024\/04\/iga.png\" alt=\"iga\" itemprop=\"image\" height=\"200\" width=\"400\" title=\"iga\" onerror=\"this.style.display='none'\" loading='lazy' \/>\n\n","protected":false},"excerpt":{"rendered":"<p>Fondation la Collecte has been supporting the cause of Big Brothers Big Sisters since 1998 through its clothing and household goods collection activities. Home collection What La Collecte collects We pick up your clothing and household goods at your home, free of charge! We serve many communities in the metropolitan area. Our goal is to [&hellip;]<\/p>\n","protected":false},"author":3,"featured_media":0,"parent":0,"menu_order":0,"comment_status":"closed","ping_status":"closed","template":"","meta":{"_acf_changed":false,"site-sidebar-layout":"no-sidebar","site-content-layout":"page-builder","ast-site-content-layout":"full-width-container","site-content-style":"unboxed","site-sidebar-style":"unboxed","ast-global-header-display":"","ast-banner-title-visibility":"","ast-main-header-display":"","ast-hfb-above-header-display":"","ast-hfb-below-header-display":"","ast-hfb-mobile-header-display":"","site-post-title":"disabled","ast-breadcrumbs-content":"","ast-featured-img":"disabled","footer-sml-layout":"","ast-disable-related-posts":"","theme-transparent-header-meta":"enabled","adv-header-id-meta":"","stick-header-meta":"default","header-above-stick-meta":"","header-main-stick-meta":"","header-below-stick-meta":"","astra-migrate-meta-layouts":"default","ast-page-background-enabled":"default","ast-page-background-meta":{"desktop":{"background-color":"","background-image":"","background-repeat":"repeat","background-position":"center center","background-size":"auto","background-attachment":"scroll","background-type":"","background-media":"","overlay-type":"","overlay-color":"","overlay-opacity":"","overlay-gradient":""},"tablet":{"background-color":"","background-image":"","background-repeat":"repeat","background-position":"center center","background-size":"auto","background-attachment":"scroll","background-type":"","background-media":"","overlay-type":"","overlay-color":"","overlay-opacity":"","overlay-gradient":""},"mobile":{"background-color":"","background-image":"","background-repeat":"repeat","background-position":"center center","background-size":"auto","background-attachment":"scroll","background-type":"","background-media":"","overlay-type":"","overlay-color":"","overlay-opacity":"","overlay-gradient":""}},"ast-content-background-meta":{"desktop":{"background-color":"var(--ast-global-color-5)","background-image":"","background-repeat":"repeat","background-position":"center center","background-size":"auto","background-attachment":"scroll","background-type":"","background-media":"","overlay-type":"","overlay-color":"","overlay-opacity":"","overlay-gradient":""},"tablet":{"background-color":"var(--ast-global-color-5)","background-image":"","background-repeat":"repeat","background-position":"center center","background-size":"auto","background-attachment":"scroll","background-type":"","background-media":"","overlay-type":"","overlay-color":"","overlay-opacity":"","overlay-gradient":""},"mobile":{"background-color":"var(--ast-global-color-5)","background-image":"","background-repeat":"repeat","background-position":"center center","background-size":"auto","background-attachment":"scroll","background-type":"","background-media":"","overlay-type":"","overlay-color":"","overlay-opacity":"","overlay-gradient":""}},"footnotes":""},"class_list":["post-1809","page","type-page","status-publish","hentry"],"acf":[],"_links":{"self":[{"href":"https:\/\/fondationlacollecte.ca\/en\/wp-json\/wp\/v2\/pages\/1809","targetHints":{"allow":["GET"]}}],"collection":[{"href":"https:\/\/fondationlacollecte.ca\/en\/wp-json\/wp\/v2\/pages"}],"about":[{"href":"https:\/\/fondationlacollecte.ca\/en\/wp-json\/wp\/v2\/types\/page"}],"author":[{"embeddable":true,"href":"https:\/\/fondationlacollecte.ca\/en\/wp-json\/wp\/v2\/users\/3"}],"replies":[{"embeddable":true,"href":"https:\/\/fondationlacollecte.ca\/en\/wp-json\/wp\/v2\/comments?post=1809"}],"version-history":[{"count":10,"href":"https:\/\/fondationlacollecte.ca\/en\/wp-json\/wp\/v2\/pages\/1809\/revisions"}],"predecessor-version":[{"id":3204,"href":"https:\/\/fondationlacollecte.ca\/en\/wp-json\/wp\/v2\/pages\/1809\/revisions\/3204"}],"wp:attachment":[{"href":"https:\/\/fondationlacollecte.ca\/en\/wp-json\/wp\/v2\/media?parent=1809"}],"curies":[{"name":"wp","href":"https:\/\/api.w.org\/{rel}","templated":true}]}}