{"id":1807,"date":"2024-04-29T17:43:56","date_gmt":"2024-04-29T17:43:56","guid":{"rendered":"https:\/\/collecte.gestionlab.net\/pop-up-la-collecte\/"},"modified":"2024-05-01T15:10:29","modified_gmt":"2024-05-01T15:10:29","slug":"pop-up-la-collecte","status":"publish","type":"page","link":"https:\/\/fondationlacollecte.ca\/en\/pop-up-la-collecte\/","title":{"rendered":"Pop-up La Collecte"},"content":{"rendered":"\n\n\t\t\t\t<img loading=\"lazy\" decoding=\"async\" src=\"https:\/\/fondationlacollecte.ca\/wp-content\/uploads\/2024\/04\/Design-sans-titre-61.webp\" alt=\"Design sans titre (61)\" itemprop=\"image\" height=\"315\" width=\"851\" title=\"Design sans titre (61)\" onerror=\"this.style.display='none'\"  \/>\n\t\t\t\t<img loading=\"lazy\" decoding=\"async\" src=\"https:\/\/fondationlacollecte.ca\/wp-content\/uploads\/2024\/04\/POP-UP.webp\" alt=\"POP-UP\" itemprop=\"image\" height=\"450\" width=\"1200\" title=\"POP-UP\" onerror=\"this.style.display='none'\"  \/>\nQuels sont vos prochains \u00e9v\u00e9nements?\nQu&#8217;est-ce que<br \/> Pop-up La Collecte?\n\t<p>Notre objectif est de rencontrer et sensibiliser, \u00e0 notre cause, de potentiels donateurs citoyens ou corporatifs, lors d&#8217;activit\u00e9s communautaires, de festivals ou de foires commerciales.<\/p>\nValeur ajout\u00e9e!\n\t<p>Nous offrons ainsi une valeur \u00e9cologique et communautaire a chaque \u00e9v\u00e9nement ou nous nous d\u00e9pla\u00e7ons avec notre chapiteau pour r\u00e9colter des dons de v\u00eatements.<\/p>\nCampagne de communication incluse!\n\t<p>Nous invitons les citoyens par nos plateformes et \u00e0 nos frais afin de ne pas nuire aux communications de l&#8217;h\u00f4te.<\/p>\n\t<ul>\n\t\t<li>\t\t\t\t\n\t\t<h3>Chapiteau 10 x 10<\/h3><\/li><li>\t\t\t\t\n\t\t<h3>2 tables pliantes de 6 pieds<\/h3><\/li><li>\t\t\t\t\n\t\t<h3>Une machine \u00e0 barbe \u00e0 papa<\/h3><\/li><li>\t\t\t\t\n\t\t<h3>Bbq portable<\/h3><\/li><li>\t\t\t\t\n\t\t<h3>Une machine \u00e0 bulles<\/h3><\/li>\t<\/ul>\n\t<ul>\n\t\t<li>\t\t\t\t\n\t\t<h3>Bonhomme &#8220;air dancers&#8221;<\/h3><\/li><li>\t\t\t\t\n\t\t<h3>Camion de transport<\/h3><\/li><li>\t\t\t\t\n\t\t<h3>Encart pliable<\/h3><\/li><li>\t\t\t\t\n\t\t<h3>Bac de transport roulant pour les v\u00eatements<\/h3><\/li><li>\t\t\t\t\n\t\t<h3>Speaker bluetooth<\/h3><\/li>\t<\/ul>\n\u00c9quipements \u00e0 votre disposition\n\t\t\t\t<img loading=\"lazy\" decoding=\"async\" src=\"https:\/\/fondationlacollecte.ca\/wp-content\/uploads\/2024\/04\/Design-sans-titre-61.webp\" alt=\"Design sans titre (61)\" itemprop=\"image\" height=\"315\" width=\"851\" title=\"Design sans titre (61)\" onerror=\"this.style.display='none'\"  \/>\n\t\t\t\t<img loading=\"lazy\" decoding=\"async\" src=\"https:\/\/fondationlacollecte.ca\/wp-content\/uploads\/2024\/05\/Nos-services-11.webp\" alt=\"partenaires\" itemprop=\"image\" height=\"315\" width=\"851\" title=\"partenaires\" onerror=\"this.style.display='none'\"  \/>\n\t\t\t\t<img loading=\"lazy\" decoding=\"async\" src=\"https:\/\/fondationlacollecte.ca\/wp-content\/uploads\/2024\/04\/Habitat-pour-lhumanite.webp\" alt=\"Habitat pour l&#039;humanit\u00e9\" itemprop=\"image\" height=\"135\" width=\"557\" title=\"Habitat pour l&#039;humanit\u00e9\" onerror=\"this.style.display='none'\"  \/>\n\t\t\t\t<img loading=\"lazy\" decoding=\"async\" src=\"https:\/\/fondationlacollecte.ca\/wp-content\/uploads\/2024\/04\/Grand-Freres-Grandes-Soeurs.webp\" alt=\"Grand Fr\u00e8res Grandes Soeurs\" itemprop=\"image\" height=\"223\" width=\"1024\" title=\"Grand Fr\u00e8res Grandes Soeurs\" onerror=\"this.style.display='none'\"  \/>\n\t\t\t\t<img loading=\"lazy\" decoding=\"async\" src=\"https:\/\/fondationlacollecte.ca\/wp-content\/uploads\/2024\/04\/2019_LOGO_SLOGAN_VERT-1-1-7.webp\" alt=\"2019_LOGO_SLOGAN_VERT (1) (1) (7)\" itemprop=\"image\" height=\"165\" width=\"794\" title=\"2019_LOGO_SLOGAN_VERT (1) (1) (7)\" onerror=\"this.style.display='none'\"  \/>\n\n","protected":false},"excerpt":{"rendered":"<p>Quels sont vos prochains \u00e9v\u00e9nements? Qu&#8217;est-ce que Pop-up La Collecte? Notre objectif est de rencontrer et sensibiliser, \u00e0 notre cause, de potentiels donateurs citoyens ou corporatifs, lors d&#8217;activit\u00e9s communautaires, de festivals ou de foires commerciales. Valeur ajout\u00e9e! Nous offrons ainsi une valeur \u00e9cologique et communautaire a chaque \u00e9v\u00e9nement ou nous nous d\u00e9pla\u00e7ons avec notre chapiteau [&hellip;]<\/p>\n","protected":false},"author":3,"featured_media":0,"parent":0,"menu_order":0,"comment_status":"closed","ping_status":"closed","template":"","meta":{"_acf_changed":false,"site-sidebar-layout":"no-sidebar","site-content-layout":"page-builder","ast-site-content-layout":"full-width-container","site-content-style":"unboxed","site-sidebar-style":"unboxed","ast-global-header-display":"","ast-banner-title-visibility":"","ast-main-header-display":"","ast-hfb-above-header-display":"","ast-hfb-below-header-display":"","ast-hfb-mobile-header-display":"","site-post-title":"disabled","ast-breadcrumbs-content":"","ast-featured-img":"disabled","footer-sml-layout":"","ast-disable-related-posts":"","theme-transparent-header-meta":"disabled","adv-header-id-meta":"","stick-header-meta":"default","header-above-stick-meta":"","header-main-stick-meta":"","header-below-stick-meta":"","astra-migrate-meta-layouts":"default","ast-page-background-enabled":"default","ast-page-background-meta":{"desktop":{"background-color":"","background-image":"","background-repeat":"repeat","background-position":"center center","background-size":"auto","background-attachment":"scroll","background-type":"","background-media":"","overlay-type":"","overlay-color":"","overlay-opacity":"","overlay-gradient":""},"tablet":{"background-color":"","background-image":"","background-repeat":"repeat","background-position":"center center","background-size":"auto","background-attachment":"scroll","background-type":"","background-media":"","overlay-type":"","overlay-color":"","overlay-opacity":"","overlay-gradient":""},"mobile":{"background-color":"","background-image":"","background-repeat":"repeat","background-position":"center center","background-size":"auto","background-attachment":"scroll","background-type":"","background-media":"","overlay-type":"","overlay-color":"","overlay-opacity":"","overlay-gradient":""}},"ast-content-background-meta":{"desktop":{"background-color":"var(--ast-global-color-5)","background-image":"","background-repeat":"repeat","background-position":"center center","background-size":"auto","background-attachment":"scroll","background-type":"","background-media":"","overlay-type":"","overlay-color":"","overlay-opacity":"","overlay-gradient":""},"tablet":{"background-color":"var(--ast-global-color-5)","background-image":"","background-repeat":"repeat","background-position":"center center","background-size":"auto","background-attachment":"scroll","background-type":"","background-media":"","overlay-type":"","overlay-color":"","overlay-opacity":"","overlay-gradient":""},"mobile":{"background-color":"var(--ast-global-color-5)","background-image":"","background-repeat":"repeat","background-position":"center center","background-size":"auto","background-attachment":"scroll","background-type":"","background-media":"","overlay-type":"","overlay-color":"","overlay-opacity":"","overlay-gradient":""}},"footnotes":""},"class_list":["post-1807","page","type-page","status-publish","hentry"],"acf":[],"_links":{"self":[{"href":"https:\/\/fondationlacollecte.ca\/en\/wp-json\/wp\/v2\/pages\/1807","targetHints":{"allow":["GET"]}}],"collection":[{"href":"https:\/\/fondationlacollecte.ca\/en\/wp-json\/wp\/v2\/pages"}],"about":[{"href":"https:\/\/fondationlacollecte.ca\/en\/wp-json\/wp\/v2\/types\/page"}],"author":[{"embeddable":true,"href":"https:\/\/fondationlacollecte.ca\/en\/wp-json\/wp\/v2\/users\/3"}],"replies":[{"embeddable":true,"href":"https:\/\/fondationlacollecte.ca\/en\/wp-json\/wp\/v2\/comments?post=1807"}],"version-history":[{"count":1,"href":"https:\/\/fondationlacollecte.ca\/en\/wp-json\/wp\/v2\/pages\/1807\/revisions"}],"predecessor-version":[{"id":1823,"href":"https:\/\/fondationlacollecte.ca\/en\/wp-json\/wp\/v2\/pages\/1807\/revisions\/1823"}],"wp:attachment":[{"href":"https:\/\/fondationlacollecte.ca\/en\/wp-json\/wp\/v2\/media?parent=1807"}],"curies":[{"name":"wp","href":"https:\/\/api.w.org\/{rel}","templated":true}]}}