{"id":1801,"date":"2024-04-29T17:42:28","date_gmt":"2024-04-29T17:42:28","guid":{"rendered":"https:\/\/collecte.gestionlab.net\/donation-box\/"},"modified":"2025-09-03T21:42:29","modified_gmt":"2025-09-03T21:42:29","slug":"donation-box","status":"publish","type":"page","link":"https:\/\/fondationlacollecte.ca\/en\/donation-box\/","title":{"rendered":"Donation bin"},"content":{"rendered":"\n\n\t\t\t\t<img loading=\"lazy\" decoding=\"async\" src=\"https:\/\/fondationlacollecte.ca\/wp-content\/uploads\/2024\/04\/Design-sans-titre-61.webp\" alt=\"Design sans titre (61)\" itemprop=\"image\" height=\"315\" width=\"851\" title=\"Design sans titre (61)\" onerror=\"this.style.display='none'\"  \/>\n\t\t\t\t<img loading=\"lazy\" decoding=\"async\" src=\"https:\/\/fondationlacollecte.ca\/wp-content\/uploads\/2024\/04\/BOITE-DE-DONS.webp\" alt=\"DONATION BOXES\" itemprop=\"image\" height=\"450\" width=\"1200\" title=\"DONATION BOXES\" onerror=\"this.style.display='none'\"  \/>\n\t<p><b>Would you like to donate your clothing or household goods?<\/b><\/p>\n<p>&#8221;Fondation la Collecte has over a hundred donation bins on the territory of the territory of the CMM, Communaut\u00e9 M\u00e9tropolitaine de Montr\u00e9al.&#8221;<\/p>\nI&#8217;d like to host a donation bin\n\t\t\t\t<img loading=\"lazy\" decoding=\"async\" src=\"https:\/\/fondationlacollecte.ca\/wp-content\/uploads\/2024\/04\/BOITE-DE-DONS.webp\" alt=\"DONATION BOXES\" itemprop=\"image\" height=\"450\" width=\"1200\" title=\"DONATION BOXES\" onerror=\"this.style.display='none'\"  \/>\n Where can i find the nearest donation bin?\n\t<p>Enter your zip code below and find the nearest donation bin using\u00a0our interactive map!<\/p>\n<p><strong>Thank you for your contribution!<\/strong><\/p>\n\t\n\t\t\t\t<img loading=\"lazy\" decoding=\"async\" src=\"https:\/\/fondationlacollecte.ca\/wp-content\/uploads\/2024\/04\/Design-sans-titre-61.webp\" alt=\"Design sans titre (61)\" itemprop=\"image\" height=\"315\" width=\"851\" title=\"Design sans titre (61)\" onerror=\"this.style.display='none'\"  \/>\n\t\t\t\t<img loading=\"lazy\" decoding=\"async\" src=\"https:\/\/fondationlacollecte.ca\/wp-content\/uploads\/2024\/05\/Nos-services-11.webp\" alt=\"partenaires\" itemprop=\"image\" height=\"315\" width=\"851\" title=\"partenaires\" onerror=\"this.style.display='none'\"  \/>\n\t\t\t\t<img loading=\"lazy\" decoding=\"async\" src=\"https:\/\/fondationlacollecte.ca\/wp-content\/uploads\/2024\/04\/Habitat-pour-lhumanite.webp\" alt=\"Habitat pour l&#039;humanit\u00e9\" itemprop=\"image\" height=\"135\" width=\"557\" title=\"Habitat pour l&#039;humanit\u00e9\" onerror=\"this.style.display='none'\"  \/>\n\t\t\t\t<img loading=\"lazy\" decoding=\"async\" src=\"https:\/\/fondationlacollecte.ca\/wp-content\/uploads\/2024\/04\/Grand-Freres-Grandes-Soeurs.webp\" alt=\"Grand Fr\u00e8res Grandes Soeurs\" itemprop=\"image\" height=\"223\" width=\"1024\" title=\"Grand Fr\u00e8res Grandes Soeurs\" onerror=\"this.style.display='none'\"  \/>\n\t\t\t\t<img loading=\"lazy\" decoding=\"async\" src=\"https:\/\/fondationlacollecte.ca\/wp-content\/uploads\/2024\/04\/2019_LOGO_SLOGAN_VERT-1-1-7.webp\" alt=\"2019_LOGO_SLOGAN_VERT (1) (1) (7)\" itemprop=\"image\" height=\"165\" width=\"794\" title=\"2019_LOGO_SLOGAN_VERT (1) (1) (7)\" onerror=\"this.style.display='none'\"  \/>\n\n","protected":false},"excerpt":{"rendered":"<p>Would you like to donate your clothing or household goods? &#8221;Fondation la Collecte has over a hundred donation bins on the territory of the territory of the CMM, Communaut\u00e9 M\u00e9tropolitaine de Montr\u00e9al.&#8221; I&#8217;d like to host a donation bin Where can i find the nearest donation bin? Enter your zip code below and find the [&hellip;]<\/p>\n","protected":false},"author":3,"featured_media":0,"parent":0,"menu_order":0,"comment_status":"closed","ping_status":"closed","template":"","meta":{"_acf_changed":false,"site-sidebar-layout":"no-sidebar","site-content-layout":"page-builder","ast-site-content-layout":"full-width-container","site-content-style":"unboxed","site-sidebar-style":"unboxed","ast-global-header-display":"","ast-banner-title-visibility":"","ast-main-header-display":"","ast-hfb-above-header-display":"","ast-hfb-below-header-display":"","ast-hfb-mobile-header-display":"","site-post-title":"disabled","ast-breadcrumbs-content":"","ast-featured-img":"disabled","footer-sml-layout":"","ast-disable-related-posts":"","theme-transparent-header-meta":"disabled","adv-header-id-meta":"","stick-header-meta":"default","header-above-stick-meta":"","header-main-stick-meta":"","header-below-stick-meta":"","astra-migrate-meta-layouts":"default","ast-page-background-enabled":"default","ast-page-background-meta":{"desktop":{"background-color":"","background-image":"","background-repeat":"repeat","background-position":"center center","background-size":"auto","background-attachment":"scroll","background-type":"","background-media":"","overlay-type":"","overlay-color":"","overlay-opacity":"","overlay-gradient":""},"tablet":{"background-color":"","background-image":"","background-repeat":"repeat","background-position":"center center","background-size":"auto","background-attachment":"scroll","background-type":"","background-media":"","overlay-type":"","overlay-color":"","overlay-opacity":"","overlay-gradient":""},"mobile":{"background-color":"","background-image":"","background-repeat":"repeat","background-position":"center center","background-size":"auto","background-attachment":"scroll","background-type":"","background-media":"","overlay-type":"","overlay-color":"","overlay-opacity":"","overlay-gradient":""}},"ast-content-background-meta":{"desktop":{"background-color":"var(--ast-global-color-5)","background-image":"","background-repeat":"repeat","background-position":"center center","background-size":"auto","background-attachment":"scroll","background-type":"","background-media":"","overlay-type":"","overlay-color":"","overlay-opacity":"","overlay-gradient":""},"tablet":{"background-color":"var(--ast-global-color-5)","background-image":"","background-repeat":"repeat","background-position":"center center","background-size":"auto","background-attachment":"scroll","background-type":"","background-media":"","overlay-type":"","overlay-color":"","overlay-opacity":"","overlay-gradient":""},"mobile":{"background-color":"var(--ast-global-color-5)","background-image":"","background-repeat":"repeat","background-position":"center center","background-size":"auto","background-attachment":"scroll","background-type":"","background-media":"","overlay-type":"","overlay-color":"","overlay-opacity":"","overlay-gradient":""}},"footnotes":""},"class_list":["post-1801","page","type-page","status-publish","hentry"],"acf":[],"_links":{"self":[{"href":"https:\/\/fondationlacollecte.ca\/en\/wp-json\/wp\/v2\/pages\/1801","targetHints":{"allow":["GET"]}}],"collection":[{"href":"https:\/\/fondationlacollecte.ca\/en\/wp-json\/wp\/v2\/pages"}],"about":[{"href":"https:\/\/fondationlacollecte.ca\/en\/wp-json\/wp\/v2\/types\/page"}],"author":[{"embeddable":true,"href":"https:\/\/fondationlacollecte.ca\/en\/wp-json\/wp\/v2\/users\/3"}],"replies":[{"embeddable":true,"href":"https:\/\/fondationlacollecte.ca\/en\/wp-json\/wp\/v2\/comments?post=1801"}],"version-history":[{"count":10,"href":"https:\/\/fondationlacollecte.ca\/en\/wp-json\/wp\/v2\/pages\/1801\/revisions"}],"predecessor-version":[{"id":3193,"href":"https:\/\/fondationlacollecte.ca\/en\/wp-json\/wp\/v2\/pages\/1801\/revisions\/3193"}],"wp:attachment":[{"href":"https:\/\/fondationlacollecte.ca\/en\/wp-json\/wp\/v2\/media?parent=1801"}],"curies":[{"name":"wp","href":"https:\/\/api.w.org\/{rel}","templated":true}]}}